{"id":52,"date":"2021-02-21T08:56:49","date_gmt":"2021-02-21T07:56:49","guid":{"rendered":"https:\/\/agfv-viroflay.fr\/agfv\/?page_id=52"},"modified":"2026-01-08T15:34:20","modified_gmt":"2026-01-08T14:34:20","slug":"bienvenue-sur-le-site-de-lagfv","status":"publish","type":"page","link":"https:\/\/agfv-viroflay.fr\/agfv\/","title":{"rendered":"Bienvenue sur le site de l&rsquo;AGFV"},"content":{"rendered":"\t\t<div data-elementor-type=\"wp-page\" data-elementor-id=\"52\" class=\"elementor elementor-52\">\n\t\t\t\t\t\t<section class=\"elementor-section elementor-top-section elementor-element elementor-element-efb059c elementor-section-boxed elementor-section-height-default elementor-section-height-default\" data-id=\"efb059c\" data-element_type=\"section\">\n\t\t\t\t\t\t<div class=\"elementor-container elementor-column-gap-default\">\n\t\t\t\t\t<div class=\"elementor-column elementor-col-100 elementor-top-column elementor-element elementor-element-4bd5ae07\" data-id=\"4bd5ae07\" data-element_type=\"column\">\n\t\t\t<div class=\"elementor-widget-wrap elementor-element-populated\">\n\t\t\t\t\t\t<div class=\"elementor-element elementor-element-5eb2b8e4 elementor-widget elementor-widget-text-editor\" data-id=\"5eb2b8e4\" data-element_type=\"widget\" data-widget_type=\"text-editor.default\">\n\t\t\t\t<div class=\"elementor-widget-container\">\n\t\t\t\t\t\t\t\t\t<div id=\"actus\">\n<p><!-----<a href=\"https:\/\/agfv-viroflay.fr\/agfv\/page-article\/\"><span style=\" text-decoration:underline\">Voir toutes nos actualit\u00e9s<\/span><\/a>----> <a href=\"https:\/\/agfv-viroflay.fr\/agfv\/page-article\/\"><img decoding=\"async\" src=\"https:\/\/agfv-viroflay.fr\/agfv\/wp-content\/uploads\/2021\/03\/icone-fleche-et-rond_ftransp.png\" alt=\"\" width=\"45\" height=\"47\" \/><span style=\"text-decoration: underline;\">Voir nos derni\u00e8res actualit\u00e9s<\/span><\/a><\/p>\n<\/div>\n<p><!-- \/wp:html --><!-- wp:paragraph --><\/p>\n<style id=\"sp_pcp_dynamic_style2718\">#pcp_wrapper-2718:not(.sps-glossary-layout) .sp-pcp-row,#pcp_wrapper-2718 .sps-glossary-items-group .sps-glossary-items-content {margin-right: -10px;margin-left: -10px;}#pcp_wrapper-2718 .sp-pcp-row [class*='sp-pcp-col-']{padding-right: 10px;padding-left: 10px; padding-bottom:20px;}.pcp-wrapper-2718 .sp-pcp-title a {color: #111;display: inherit;} .pcp-wrapper-2718 .sp-pcp-title a:hover {color: #3b7cb5;}#pcp_wrapper-2718 .dots .swiper-pagination-bullet{ background: #cccccc; } #pcp_wrapper-2718 .dots .swiper-pagination-bullet-active { background: #D64224; }#pcp_wrapper-2718 .pcp-button-prev,#pcp_wrapper-2718 .pcp-button-next{ background-image: none; background-size: auto; background-color: #fff; height: 33px; width: 33px; margin-top: 8px; border: 1px solid #aaa; text-align: center; line-height: 30px; -webkit-transition: 0.3s; border-radius: 3px; }#pcp_wrapper-2718 .pcp-button-prev:hover, #pcp_wrapper-2718 .pcp-button-next:hover{ background-color: #D64224; border-color: #D64224; } #pcp_wrapper-2718 .pcp-button-prev .fa, #pcp_wrapper-2718 .pcp-button-next .fa { color: #aaa; } #pcp_wrapper-2718 .pcp-button-prev:hover .fa, #pcp_wrapper-2718 .pcp-button-next:hover .fa { color: #fff; } #pcp_wrapper-2718.pcp-carousel-wrapper .sp-pcp-post{ margin-top: 0; }#pcp_wrapper-2718 .sp-pcp-post {padding: 0 0 0 0;}#pcp_wrapper-2718.sp-slider_layout .sp-pcp-post .sp-pcp-post-details {top: 0; right:0; bottom:0; left:0;}#pcp_wrapper-2718 .sp-pcp-post {border: 0px solid #e2e2e2; border-radius: 0px }#pcp_wrapper-2718 .sp-pcp-post{background-color: transparent;}#pcp_wrapper-2718 .pcp-post-thumb-wrapper{border: 0px solid #dddddd;border-radius:0px;}.pcp-wrapper-2718 .sp-pcp-post-meta li,.pcp-wrapper-2718 .sp-pcp-post-meta ul,.pcp-wrapper-2718 .sp-pcp-post-meta li a{color: #888;}.pcp-wrapper-2718 .sp-pcp-post-meta li a:hover{color: #e1624b;}#pcp_wrapper-2718 .pcp-post-pagination .page-numbers.current, #pcp_wrapper-2718 .pcp-post-pagination a.active , #pcp_wrapper-2718 .pcp-post-pagination a:hover{ color: #ffffff; background: #e1624b; border-color: #e1624b; }#pcp_wrapper-2718 .pcp-post-pagination .page-numbers, .pcp-post-pagination a{ background: #ffffff; color:#5e5e5e; border: 2px solid #bbbbbb;border-radius: 2px; }#pcp_wrapper-2718 .pcp-post-pagination{text-align: left;}@media (min-width: 1200px) {.sp-pcp-row .sp-pcp-col-xl-1 {flex: 0 0 100%;}.sp-pcp-row .sp-pcp-col-xl-2 {flex: 1 1 calc( 50% - 20px);}.sp-pcp-row .sp-pcp-col-xl-3 {flex: 1 1 calc( 33.333% - 20px);}.sp-pcp-row .sp-pcp-col-xl-4 {flex: 1 1 calc( 25% - 20px);}.sp-pcp-row .sp-pcp-col-xl-5 { flex: 1 1 calc( 20% - 20px);}.sp-pcp-row .sp-pcp-col-xl-6 {flex: 1 1 calc( 16.66666666666667% - 20px);}.sp-pcp-row .sp-pcp-col-xl-7 {flex: 1 1 calc( 14.28571428% - 20px);}.sp-pcp-row .sp-pcp-col-xl-8 {flex: 1 1 calc( 12.5% - 20px);}}@media (max-width: 1200px) {.sp-pcp-row .sp-pcp-col-lg-1 {flex: 0 0 100%;}.sp-pcp-row .sp-pcp-col-lg-2 {flex: 1 1 calc( 50% - 20px);}.sp-pcp-row .sp-pcp-col-lg-3 {flex: 1 1 calc( 33.333% - 20px);}.sp-pcp-row .sp-pcp-col-lg-4 {flex: 1 1 calc( 25% - 20px);}.sp-pcp-row .sp-pcp-col-lg-5 { flex: 1 1 calc( 20% - 20px);}.sp-pcp-row .sp-pcp-col-lg-6 {flex: 1 1 calc( 16.66666666666667% - 20px);}.sp-pcp-row .sp-pcp-col-lg-7 {flex: 1 1 calc( 14.28571428% - 20px);}.sp-pcp-row .sp-pcp-col-lg-8 {flex: 1 1 calc( 12.5% - 20px);}}@media (max-width: 992px) {.sp-pcp-row .sp-pcp-col-md-1 {flex: 0 0 100%;}.sp-pcp-row .sp-pcp-col-md-2 {flex: 1 1 calc( 50% - 20px);}.sp-pcp-row .sp-pcp-col-md-2-5 {flex: 0 0 75%;}.sp-pcp-row .sp-pcp-col-md-3 {flex: 1 1 calc( 33.333% - 20px);}.sp-pcp-row .sp-pcp-col-md-4 {flex: 1 1 calc( 25% - 20px);}.sp-pcp-row .sp-pcp-col-md-5 { flex: 1 1 calc( 20% - 20px);}.sp-pcp-row .sp-pcp-col-md-6 {flex: 1 1 calc( 16.66666666666667% - 20px);}.sp-pcp-row .sp-pcp-col-md-7 {flex: 1 1 calc( 14.28571428% - 20px);}.sp-pcp-row .sp-pcp-col-md-8 {flex: 1 1 calc( 12.5% - 20px);}}@media (max-width: 768px) {.sp-pcp-row .sp-pcp-col-sm-1 {flex: 0 0 100%;}.sp-pcp-row .sp-pcp-col-sm-2 {flex: 1 1 calc( 50% - 20px);}.sp-pcp-row .sp-pcp-col-sm-2-5 {flex: 0 0 75%;}.sp-pcp-row .sp-pcp-col-sm-3 {flex: 1 1 calc( 33.333% - 20px);}.sp-pcp-row .sp-pcp-col-sm-4 {flex: 1 1 calc( 25% - 20px);}.sp-pcp-row .sp-pcp-col-sm-5 { flex: 1 1 calc( 20% - 20px);}.sp-pcp-row .sp-pcp-col-sm-6 {flex: 1 1 calc( 16.66666666666667% - 20px);}.sp-pcp-row .sp-pcp-col-sm-7 {flex: 1 1 calc( 14.28571428% - 20px);}.sp-pcp-row .sp-pcp-col-sm-8 {flex: 1 1 calc( 12.5% - 20px);}}@media (max-width: 420px) {.sp-pcp-row .sp-pcp-col-xs-1 {flex: 0 0 100%;}.sp-pcp-row .sp-pcp-col-xs-2 {flex: 1 1 calc( 50% - 20px);}.sp-pcp-row .sp-pcp-col-xs-3 {flex: 1 1 calc( 33.333% - 20px);}.sp-pcp-row .sp-pcp-col-xs-4 {flex: 1 1 calc( 25% - 20px);}.sp-pcp-row .sp-pcp-col-xs-5 { flex: 1 1 calc( 20% - 20px);}.sp-pcp-row .sp-pcp-col-xs-6 {flex: 1 1 calc( 16.66666666666667% - 20px);}.sp-pcp-row .sp-pcp-col-xs-7 {flex: 1 1 calc( 14.28571428% - 20px);}.sp-pcp-row .sp-pcp-col-xs-8 {flex: 1 1 calc( 12.5% - 20px);}}<\/style><!-- Markup Starts -->\n<div id=\"pcp_wrapper-2718\" class=\"sp-pcp-section sp-pcp-container pcp-wrapper-2718 pcp-carousel-wrapper standard sp-carousel_layout\" data-sid=\"2718\">\n\t<div id=\"sp-pcp-id-2718\" class=\"swiper-container sp-pcp-carousel top_right\" dir=\"ltr\" data-carousel='{ \"speed\":700, \"items\":4, \"spaceBetween\":20, \"dynamicBullets\": false, \"navigation\":true, \"pagination\": true, \"autoplay\": true, \"autoplay_speed\": 3000, \"loop\": true, \"autoHeight\": false, \"lazy\":  true, \"simulateTouch\": true, \"freeMode\": false, \"slider_mouse_wheel\": false,\"allowTouchMove\": true, \"slidesPerView\": {\"lg_desktop\": 4, \"desktop\": 4, \"tablet\": 3, \"mobile_landscape\": 2, \"mobile\": 1}, \"navigation_mobile\": true, \"pagination_mobile\": true, \"stop_onHover\": true, \"enabled\": true, \"prevSlideMessage\": \"Previous slide\", \"nextSlideMessage\": \"Next slide\", \"firstSlideMessage\": \"This is the first slide\", \"lastSlideMessage\": \"This is the last slide\", \"keyboard\": \"true\", \"paginationBulletMessage\": \"Go to slide {{index}}\" }'>\n\t\t\t<div class=\"swiper-wrapper\">\n\t\t\t\t\t\t<div class=\" swiper-slide swiper-lazy\">\n\t\t\t<div class=\"sp-pcp-post default pcp-item-3582\" data-id=\"3582\">\n\t\t\t\t\t\t\t\t<div class=\"pcp-post-thumb-wrapper\">\n\t\t\t\t\t<div class=\"sp-pcp-post-thumb-area\">\n\t\t\t\t\t\t\t\t\t\t\t\t<a class=\"sp-pcp-thumb\" href=\"https:\/\/agfv-viroflay.fr\/agfv\/2026\/04\/07\/webinaire-udaf-les-ecrans-et-les-tout-petits\/\" target=\"_self\" >\n\t\t\t\t\t\t\t\t\t\t\t\t\t<img fetchpriority=\"high\" decoding=\"async\" src=\"https:\/\/agfv-viroflay.fr\/agfv\/wp-content\/uploads\/2026\/04\/Affiche-webinaire-cardree1-300x208.jpg\" width=\"300\" height=\"208\" alt=\"\">\n\t\t\t\t\t\t<\/a>\n\t\t\t\t\t<\/div>\n\t\t\t\t<\/div>\n\t\t\t\t\t\t\t\t<div class=\"sp-pcp-post-details\">\n\t\t\t\t\t<div class=\"sp-pcp-post-details-content\">\n\t\t\t\t\t\t\t\t<h1 class=\"sp-pcp-title\">\n\t\t\t\t\t\t\t\t\t<a href=\"https:\/\/agfv-viroflay.fr\/agfv\/2026\/04\/07\/webinaire-udaf-les-ecrans-et-les-tout-petits\/\"  target=\"_self\">Webinaire UDAF \u00abLes \u00e9crans et les tout-petits\u00bb<\/a>\t\t\t\t\t\t\t<\/h1>\n\t\t\t\t\t\t\t\t\t<\/div>\n\t\t\t\t<\/div>\n\t\t\t<\/div>\n\t\t<\/div>\n\t\t\t\t<div class=\" swiper-slide swiper-lazy\">\n\t\t\t<div class=\"sp-pcp-post default pcp-item-3417\" data-id=\"3417\">\n\t\t\t\t\t\t\t\t<div class=\"pcp-post-thumb-wrapper\">\n\t\t\t\t\t<div class=\"sp-pcp-post-thumb-area\">\n\t\t\t\t\t\t\t\t\t\t\t\t<a class=\"sp-pcp-thumb\" href=\"https:\/\/agfv-viroflay.fr\/agfv\/2026\/01\/07\/retrospective-de-nos-activites\/\" target=\"_self\" >\n\t\t\t\t\t\t\t\t\t\t\t\t\t<img decoding=\"async\" src=\"https:\/\/agfv-viroflay.fr\/agfv\/wp-content\/uploads\/2026\/01\/Retrospective_2-300x223.jpg\" width=\"300\" height=\"223\" alt=\"\">\n\t\t\t\t\t\t<\/a>\n\t\t\t\t\t<\/div>\n\t\t\t\t<\/div>\n\t\t\t\t\t\t\t\t<div class=\"sp-pcp-post-details\">\n\t\t\t\t\t<div class=\"sp-pcp-post-details-content\">\n\t\t\t\t\t\t\t\t<h1 class=\"sp-pcp-title\">\n\t\t\t\t\t\t\t\t\t<a href=\"https:\/\/agfv-viroflay.fr\/agfv\/2026\/01\/07\/retrospective-de-nos-activites\/\"  target=\"_self\">R\u00e9trospective de nos activit\u00e9s<\/a>\t\t\t\t\t\t\t<\/h1>\n\t\t\t\t\t\t\t\t\t<\/div>\n\t\t\t\t<\/div>\n\t\t\t<\/div>\n\t\t<\/div>\n\t\t\t\t<div class=\" swiper-slide swiper-lazy\">\n\t\t\t<div class=\"sp-pcp-post default pcp-item-2587\" data-id=\"2587\">\n\t\t\t\t\t\t\t\t<div class=\"pcp-post-thumb-wrapper\">\n\t\t\t\t\t<div class=\"sp-pcp-post-thumb-area\">\n\t\t\t\t\t\t\t\t\t\t\t\t<a class=\"sp-pcp-thumb\" href=\"https:\/\/agfv-viroflay.fr\/agfv\/2025\/12\/13\/art-floral\/\" target=\"_self\" >\n\t\t\t\t\t\t\t\t\t\t\t\t\t<img loading=\"lazy\" decoding=\"async\" src=\"https:\/\/agfv-viroflay.fr\/agfv\/wp-content\/uploads\/2023\/03\/Art-floral-Paques-300x231.jpg\" width=\"300\" height=\"231\" alt=\"\">\n\t\t\t\t\t\t<\/a>\n\t\t\t\t\t<\/div>\n\t\t\t\t<\/div>\n\t\t\t\t\t\t\t\t<div class=\"sp-pcp-post-details\">\n\t\t\t\t\t<div class=\"sp-pcp-post-details-content\">\n\t\t\t\t\t\t\t\t<h1 class=\"sp-pcp-title\">\n\t\t\t\t\t\t\t\t\t<a href=\"https:\/\/agfv-viroflay.fr\/agfv\/2025\/12\/13\/art-floral\/\"  target=\"_self\">Art Floral<\/a>\t\t\t\t\t\t\t<\/h1>\n\t\t\t\t\t\t\t\t\t<\/div>\n\t\t\t\t<\/div>\n\t\t\t<\/div>\n\t\t<\/div>\n\t\t\t\t<div class=\" swiper-slide swiper-lazy\">\n\t\t\t<div class=\"sp-pcp-post default pcp-item-3367\" data-id=\"3367\">\n\t\t\t\t\t\t\t\t<div class=\"pcp-post-thumb-wrapper\">\n\t\t\t\t\t<div class=\"sp-pcp-post-thumb-area\">\n\t\t\t\t\t\t\t\t\t\t\t\t<a class=\"sp-pcp-thumb\" href=\"https:\/\/agfv-viroflay.fr\/agfv\/2025\/12\/13\/soutien-numerique-aux-familles\/\" target=\"_self\" >\n\t\t\t\t\t\t\t\t\t\t\t\t\t<img loading=\"lazy\" decoding=\"async\" src=\"https:\/\/agfv-viroflay.fr\/agfv\/wp-content\/uploads\/2025\/12\/Plaquette-service-inclusion-numerique-Gimp-1-reduite-300x205.jpg\" width=\"300\" height=\"205\" alt=\"\">\n\t\t\t\t\t\t<\/a>\n\t\t\t\t\t<\/div>\n\t\t\t\t<\/div>\n\t\t\t\t\t\t\t\t<div class=\"sp-pcp-post-details\">\n\t\t\t\t\t<div class=\"sp-pcp-post-details-content\">\n\t\t\t\t\t\t\t\t<h1 class=\"sp-pcp-title\">\n\t\t\t\t\t\t\t\t\t<a href=\"https:\/\/agfv-viroflay.fr\/agfv\/2025\/12\/13\/soutien-numerique-aux-familles\/\"  target=\"_self\">Soutien Num\u00e9rique aux familles<\/a>\t\t\t\t\t\t\t<\/h1>\n\t\t\t\t\t\t\t\t\t<\/div>\n\t\t\t\t<\/div>\n\t\t\t<\/div>\n\t\t<\/div>\n\t\t\t\t<div class=\" swiper-slide swiper-lazy\">\n\t\t\t<div class=\"sp-pcp-post default pcp-item-3315\" data-id=\"3315\">\n\t\t\t\t\t\t\t\t<div class=\"pcp-post-thumb-wrapper\">\n\t\t\t\t\t<div class=\"sp-pcp-post-thumb-area\">\n\t\t\t\t\t\t\t\t\t\t\t\t<a class=\"sp-pcp-thumb\" href=\"https:\/\/agfv-viroflay.fr\/agfv\/2025\/09\/22\/unaf-les-chiffres-cles-des-familles-en-france\/\" target=\"_self\" >\n\t\t\t\t\t\t\t\t\t\t\t\t\t<img loading=\"lazy\" decoding=\"async\" src=\"https:\/\/agfv-viroflay.fr\/agfv\/wp-content\/uploads\/2025\/09\/Chiffres-cles-des-familles-300x119.jpg\" width=\"300\" height=\"119\" alt=\"\">\n\t\t\t\t\t\t<\/a>\n\t\t\t\t\t<\/div>\n\t\t\t\t<\/div>\n\t\t\t\t\t\t\t\t<div class=\"sp-pcp-post-details\">\n\t\t\t\t\t<div class=\"sp-pcp-post-details-content\">\n\t\t\t\t\t\t\t\t<h1 class=\"sp-pcp-title\">\n\t\t\t\t\t\t\t\t\t<a href=\"https:\/\/agfv-viroflay.fr\/agfv\/2025\/09\/22\/unaf-les-chiffres-cles-des-familles-en-france\/\"  target=\"_self\">UNAF Les chiffres cl\u00e9s des familles en France<\/a>\t\t\t\t\t\t\t<\/h1>\n\t\t\t\t\t\t\t\t\t<\/div>\n\t\t\t\t<\/div>\n\t\t\t<\/div>\n\t\t<\/div>\n\t\t\t\t<div class=\" swiper-slide swiper-lazy\">\n\t\t\t<div class=\"sp-pcp-post default pcp-item-3258\" data-id=\"3258\">\n\t\t\t\t\t\t\t\t<div class=\"pcp-post-thumb-wrapper\">\n\t\t\t\t\t<div class=\"sp-pcp-post-thumb-area\">\n\t\t\t\t\t\t\t\t\t\t\t\t<a class=\"sp-pcp-thumb\" href=\"https:\/\/agfv-viroflay.fr\/agfv\/2025\/05\/27\/cours-anglais-et-dessin\/\" target=\"_self\" >\n\t\t\t\t\t\t\t\t\t\t\t\t\t<img loading=\"lazy\" decoding=\"async\" src=\"https:\/\/agfv-viroflay.fr\/agfv\/wp-content\/uploads\/2022\/08\/Anglais-Dessin-300x186.png\" width=\"300\" height=\"186\" alt=\"\">\n\t\t\t\t\t\t<\/a>\n\t\t\t\t\t<\/div>\n\t\t\t\t<\/div>\n\t\t\t\t\t\t\t\t<div class=\"sp-pcp-post-details\">\n\t\t\t\t\t<div class=\"sp-pcp-post-details-content\">\n\t\t\t\t\t\t\t\t<h1 class=\"sp-pcp-title\">\n\t\t\t\t\t\t\t\t\t<a href=\"https:\/\/agfv-viroflay.fr\/agfv\/2025\/05\/27\/cours-anglais-et-dessin\/\"  target=\"_self\">Cours anglais et dessin<\/a>\t\t\t\t\t\t\t<\/h1>\n\t\t\t\t\t\t\t\t\t<\/div>\n\t\t\t\t<\/div>\n\t\t\t<\/div>\n\t\t<\/div>\n\t\t\t\t<div class=\" swiper-slide swiper-lazy\">\n\t\t\t<div class=\"sp-pcp-post default pcp-item-76\" data-id=\"76\">\n\t\t\t\t\t\t\t\t<div class=\"pcp-post-thumb-wrapper\">\n\t\t\t\t\t<div class=\"sp-pcp-post-thumb-area\">\n\t\t\t\t\t\t\t\t\t\t\t\t<a class=\"sp-pcp-thumb\" href=\"https:\/\/agfv-viroflay.fr\/agfv\/2024\/09\/01\/permanences-au-191-a-av-du-general-leclerc\/\" target=\"_self\" >\n\t\t\t\t\t\t\t\t\t\t\t\t\t<img loading=\"lazy\" decoding=\"async\" src=\"https:\/\/agfv-viroflay.fr\/agfv\/wp-content\/uploads\/2021\/02\/cropped-cropped-LOGO-AGFV-VECTORISE-72dpi_reference-768x543-1-13-300x162-1.png\" width=\"300\" height=\"162\" alt=\"\">\n\t\t\t\t\t\t<\/a>\n\t\t\t\t\t<\/div>\n\t\t\t\t<\/div>\n\t\t\t\t\t\t\t\t<div class=\"sp-pcp-post-details\">\n\t\t\t\t\t<div class=\"sp-pcp-post-details-content\">\n\t\t\t\t\t\t\t\t<h1 class=\"sp-pcp-title\">\n\t\t\t\t\t\t\t\t\t<a href=\"https:\/\/agfv-viroflay.fr\/agfv\/2024\/09\/01\/permanences-au-191-a-av-du-general-leclerc\/\"  target=\"_self\">Permanences au 191 A, av. du g\u00e9n\u00e9ral Leclerc<\/a>\t\t\t\t\t\t\t<\/h1>\n\t\t\t\t\t\t\t\t\t<\/div>\n\t\t\t\t<\/div>\n\t\t\t<\/div>\n\t\t<\/div>\n\t\t\t\t<div class=\" swiper-slide swiper-lazy\">\n\t\t\t<div class=\"sp-pcp-post default pcp-item-3161\" data-id=\"3161\">\n\t\t\t\t\t\t\t\t<div class=\"pcp-post-thumb-wrapper\">\n\t\t\t\t\t<div class=\"sp-pcp-post-thumb-area\">\n\t\t\t\t\t\t\t\t\t\t\t\t<a class=\"sp-pcp-thumb\" href=\"https:\/\/agfv-viroflay.fr\/agfv\/2024\/09\/01\/notez-les-dates-de-nos-braderies\/\" target=\"_self\" >\n\t\t\t\t\t\t\t\t\t\t\t\t\t<img loading=\"lazy\" decoding=\"async\" src=\"https:\/\/agfv-viroflay.fr\/agfv\/wp-content\/uploads\/2021\/10\/Braderie-nouvelle_nette-300x225.jpg\" width=\"300\" height=\"225\" alt=\"\">\n\t\t\t\t\t\t<\/a>\n\t\t\t\t\t<\/div>\n\t\t\t\t<\/div>\n\t\t\t\t\t\t\t\t<div class=\"sp-pcp-post-details\">\n\t\t\t\t\t<div class=\"sp-pcp-post-details-content\">\n\t\t\t\t\t\t\t\t<h1 class=\"sp-pcp-title\">\n\t\t\t\t\t\t\t\t\t<a href=\"https:\/\/agfv-viroflay.fr\/agfv\/2024\/09\/01\/notez-les-dates-de-nos-braderies\/\"  target=\"_self\">Notez les dates de nos Braderies<\/a>\t\t\t\t\t\t\t<\/h1>\n\t\t\t\t\t\t\t\t\t<\/div>\n\t\t\t\t<\/div>\n\t\t\t<\/div>\n\t\t<\/div>\n\t\t\t\t<div class=\" swiper-slide swiper-lazy\">\n\t\t\t<div class=\"sp-pcp-post default pcp-item-1979\" data-id=\"1979\">\n\t\t\t\t\t\t\t\t<div class=\"pcp-post-thumb-wrapper\">\n\t\t\t\t\t<div class=\"sp-pcp-post-thumb-area\">\n\t\t\t\t\t\t\t\t\t\t\t\t<a class=\"sp-pcp-thumb\" href=\"https:\/\/agfv-viroflay.fr\/agfv\/2023\/12\/09\/old-up\/\" target=\"_self\" >\n\t\t\t\t\t\t\t\t\t\t\t\t\t<img loading=\"lazy\" decoding=\"async\" src=\"https:\/\/agfv-viroflay.fr\/agfv\/wp-content\/uploads\/2021\/02\/groupe-de-parole-300x169.jpg\" width=\"300\" height=\"169\" alt=\"\">\n\t\t\t\t\t\t<\/a>\n\t\t\t\t\t<\/div>\n\t\t\t\t<\/div>\n\t\t\t\t\t\t\t\t<div class=\"sp-pcp-post-details\">\n\t\t\t\t\t<div class=\"sp-pcp-post-details-content\">\n\t\t\t\t\t\t\t\t<h1 class=\"sp-pcp-title\">\n\t\t\t\t\t\t\t\t\t<a href=\"https:\/\/agfv-viroflay.fr\/agfv\/2023\/12\/09\/old-up\/\"  target=\"_self\">Old up<\/a>\t\t\t\t\t\t\t<\/h1>\n\t\t\t\t\t\t\t\t\t<\/div>\n\t\t\t\t<\/div>\n\t\t\t<\/div>\n\t\t<\/div>\n\t\t\t\t<div class=\" swiper-slide swiper-lazy\">\n\t\t\t<div class=\"sp-pcp-post default pcp-item-2042\" data-id=\"2042\">\n\t\t\t\t\t\t\t\t<div class=\"pcp-post-thumb-wrapper\">\n\t\t\t\t\t<div class=\"sp-pcp-post-thumb-area\">\n\t\t\t\t\t\t\t\t\t\t\t\t<a class=\"sp-pcp-thumb\" href=\"https:\/\/agfv-viroflay.fr\/agfv\/2023\/03\/05\/nos-lectures-coups-de-coeur\/\" target=\"_self\" >\n\t\t\t\t\t\t\t\t\t\t\t\t\t<img loading=\"lazy\" decoding=\"async\" src=\"https:\/\/agfv-viroflay.fr\/agfv\/wp-content\/uploads\/2021\/08\/Coup-de-coeur-livres-300x200.jpg\" width=\"300\" height=\"200\" alt=\"\">\n\t\t\t\t\t\t<\/a>\n\t\t\t\t\t<\/div>\n\t\t\t\t<\/div>\n\t\t\t\t\t\t\t\t<div class=\"sp-pcp-post-details\">\n\t\t\t\t\t<div class=\"sp-pcp-post-details-content\">\n\t\t\t\t\t\t\t\t<h1 class=\"sp-pcp-title\">\n\t\t\t\t\t\t\t\t\t<a href=\"https:\/\/agfv-viroflay.fr\/agfv\/2023\/03\/05\/nos-lectures-coups-de-coeur\/\"  target=\"_self\">Nos lectures coups de coeur<\/a>\t\t\t\t\t\t\t<\/h1>\n\t\t\t\t\t\t\t\t\t<\/div>\n\t\t\t\t<\/div>\n\t\t\t<\/div>\n\t\t<\/div>\n\t\t\t\t<div class=\" swiper-slide swiper-lazy\">\n\t\t\t<div class=\"sp-pcp-post default pcp-item-2327\" data-id=\"2327\">\n\t\t\t\t\t\t\t\t<div class=\"pcp-post-thumb-wrapper\">\n\t\t\t\t\t<div class=\"sp-pcp-post-thumb-area\">\n\t\t\t\t\t\t\t\t\t\t\t\t<a class=\"sp-pcp-thumb\" href=\"https:\/\/agfv-viroflay.fr\/agfv\/2023\/03\/05\/flash_agfv\/\" target=\"_self\" >\n\t\t\t\t\t\t\t\t\t\t\t\t\t<img loading=\"lazy\" decoding=\"async\" src=\"https:\/\/agfv-viroflay.fr\/agfv\/wp-content\/uploads\/2021\/05\/Flash_1-300x131.jpg\" width=\"300\" height=\"131\" alt=\"\">\n\t\t\t\t\t\t<\/a>\n\t\t\t\t\t<\/div>\n\t\t\t\t<\/div>\n\t\t\t\t\t\t\t\t<div class=\"sp-pcp-post-details\">\n\t\t\t\t\t<div class=\"sp-pcp-post-details-content\">\n\t\t\t\t\t\t\t\t<h1 class=\"sp-pcp-title\">\n\t\t\t\t\t\t\t\t\t<a href=\"https:\/\/agfv-viroflay.fr\/agfv\/2023\/03\/05\/flash_agfv\/\"  target=\"_self\">Flash AGFV<\/a>\t\t\t\t\t\t\t<\/h1>\n\t\t\t\t\t\t\t\t\t<\/div>\n\t\t\t\t<\/div>\n\t\t\t<\/div>\n\t\t<\/div>\n\t\t\t\t<div class=\" swiper-slide swiper-lazy\">\n\t\t\t<div class=\"sp-pcp-post default pcp-item-2865\" data-id=\"2865\">\n\t\t\t\t\t\t\t\t<div class=\"pcp-post-thumb-wrapper\">\n\t\t\t\t\t<div class=\"sp-pcp-post-thumb-area\">\n\t\t\t\t\t\t\t\t\t\t\t\t<a class=\"sp-pcp-thumb\" href=\"https:\/\/agfv-viroflay.fr\/agfv\/2023\/03\/05\/bulletins-trimestriels\/\" target=\"_self\" >\n\t\t\t\t\t\t\t\t\t\t\t\t\t<img loading=\"lazy\" decoding=\"async\" src=\"https:\/\/agfv-viroflay.fr\/agfv\/wp-content\/uploads\/2023\/03\/Bulletins-photo-300x202.jpg\" width=\"300\" height=\"202\" alt=\"\">\n\t\t\t\t\t\t<\/a>\n\t\t\t\t\t<\/div>\n\t\t\t\t<\/div>\n\t\t\t\t\t\t\t\t<div class=\"sp-pcp-post-details\">\n\t\t\t\t\t<div class=\"sp-pcp-post-details-content\">\n\t\t\t\t\t\t\t\t<h1 class=\"sp-pcp-title\">\n\t\t\t\t\t\t\t\t\t<a href=\"https:\/\/agfv-viroflay.fr\/agfv\/2023\/03\/05\/bulletins-trimestriels\/\"  target=\"_self\">Bulletins trimestriels<\/a>\t\t\t\t\t\t\t<\/h1>\n\t\t\t\t\t\t\t\t\t<\/div>\n\t\t\t\t<\/div>\n\t\t\t<\/div>\n\t\t<\/div>\n\t\t\t\t\t<\/div>\n\t\t\t\t\t\t<div class=\"pcp-pagination swiper-pagination dots\"><\/div>\n\t\t\t\t\t\t\t\t\t\t<div class=\"pcp-button-next swiper-button-next top_right\"><i class=\"fa fa-angle-right\"><\/i><\/div>\n\t\t\t\t<div class=\"pcp-button-prev swiper-button-prev top_right\"><i class=\"fa fa-angle-left\"><\/i><\/div>\t<\/div>\n<\/div>\n\n<h2 class=\"wp-block-uagb-image__figure\" style=\"text-align: center;\">\u00a0<\/h2>\n<p><!-- \/wp:uagb\/image --><!-- wp:paragraph {\"align\":\"center\",\"className\":\"eplus-W9byMe\"} --><\/p>\n<p class=\"has-text-align-center eplus-W9byMe\"><span style=\"color: #993366; font-size: 14pt;\"><strong>Vous vous souciez de votre famille mais aussi de la Famille ?<\/strong><\/span><br \/><span style=\"color: #d31564; font-size: 14pt;\"><strong>Vous rencontrez un probl\u00e8me particulier ?<\/strong><\/span><br \/><span style=\"color: #009fdf; font-size: 14pt;\"><strong>Vous cherchez de l&rsquo;entraide ?<\/strong><\/span><br \/><span style=\"color: #ff9900; font-size: 14pt;\"><strong>Vous souhaitez participer \u00e0 nos activit\u00e9s ?<\/strong><\/span><\/p>\n<p><!-- \/wp:paragraph --><!-- wp:paragraph {\"align\":\"center\",\"style\":{\"typography\":{\"fontSize\":22}},\"className\":\"eplus-CEfpP7\"} --><\/p>\n<p class=\"has-text-align-center eplus-CEfpP7\" style=\"font-size: 22px;\">\u00a0<strong>Rejoignez<\/strong><br \/><strong>L&rsquo; Association G\u00e9n\u00e9rale des Familles de Viroflay<\/strong><\/p>\n<p><!-- \/wp:paragraph --><!-- wp:image {\"align\":\"center\",\"id\":167,\"width\":532,\"height\":255,\"sizeSlug\":\"large\",\"linkDestination\":\"none\",\"className\":\"eplus-fayx4i\"} --><\/p>\n<div class=\"wp-block-image eplus-fayx4i\">\n<figure class=\"aligncenter size-large is-resized\"><img loading=\"lazy\" decoding=\"async\" class=\"wp-image-167\" src=\"https:\/\/agfv-viroflay.fr\/agfv\/wp-content\/uploads\/2021\/02\/Rejoignez-AGFV-bienvenue.jpg\" alt=\"\" width=\"532\" height=\"255\" srcset=\"https:\/\/agfv-viroflay.fr\/agfv\/wp-content\/uploads\/2021\/02\/Rejoignez-AGFV-bienvenue.jpg 709w, https:\/\/agfv-viroflay.fr\/agfv\/wp-content\/uploads\/2021\/02\/Rejoignez-AGFV-bienvenue-300x144.jpg 300w\" sizes=\"(max-width: 532px) 100vw, 532px\" \/><\/figure>\n<\/div>\n<p><!-- \/wp:image --><!-- wp:paragraph --><\/p>\n<p><!-- \/wp:paragraph --><\/p>\t\t\t\t\t\t\t\t<\/div>\n\t\t\t\t<\/div>\n\t\t\t\t\t<\/div>\n\t\t<\/div>\n\t\t\t\t\t<\/div>\n\t\t<\/section>\n\t\t\t\t<\/div>\n\t\t","protected":false},"excerpt":{"rendered":"<p>Voir nos derni\u00e8res actualit\u00e9s \u00a0 Vous vous souciez de votre famille mais aussi de la Famille ?Vous rencontrez un probl\u00e8me particulier ?Vous cherchez de l&rsquo;entraide ?Vous souhaitez participer \u00e0 nos activit\u00e9s ? \u00a0RejoignezL&rsquo; Association G\u00e9n\u00e9rale des Familles de Viroflay<\/p>\n","protected":false},"author":1,"featured_media":0,"parent":0,"menu_order":0,"comment_status":"closed","ping_status":"closed","template":"","meta":{"ocean_post_layout":"","ocean_both_sidebars_style":"","ocean_both_sidebars_content_width":0,"ocean_both_sidebars_sidebars_width":0,"ocean_sidebar":"0","ocean_second_sidebar":"0","ocean_disable_margins":"enable","ocean_add_body_class":"","ocean_shortcode_before_top_bar":"","ocean_shortcode_after_top_bar":"","ocean_shortcode_before_header":"","ocean_shortcode_after_header":"","ocean_has_shortcode":"","ocean_shortcode_after_title":"","ocean_shortcode_before_footer_widgets":"","ocean_shortcode_after_footer_widgets":"","ocean_shortcode_before_footer_bottom":"","ocean_shortcode_after_footer_bottom":"","ocean_display_top_bar":"default","ocean_display_header":"default","ocean_header_style":"","ocean_center_header_left_menu":"0","ocean_custom_header_template":"0","ocean_custom_logo":0,"ocean_custom_retina_logo":0,"ocean_custom_logo_max_width":0,"ocean_custom_logo_tablet_max_width":0,"ocean_custom_logo_mobile_max_width":0,"ocean_custom_logo_max_height":0,"ocean_custom_logo_tablet_max_height":0,"ocean_custom_logo_mobile_max_height":0,"ocean_header_custom_menu":"0","ocean_menu_typo_font_family":"0","ocean_menu_typo_font_subset":"","ocean_menu_typo_font_size":0,"ocean_menu_typo_font_size_tablet":0,"ocean_menu_typo_font_size_mobile":0,"ocean_menu_typo_font_size_unit":"px","ocean_menu_typo_font_weight":"","ocean_menu_typo_font_weight_tablet":"","ocean_menu_typo_font_weight_mobile":"","ocean_menu_typo_transform":"","ocean_menu_typo_transform_tablet":"","ocean_menu_typo_transform_mobile":"","ocean_menu_typo_line_height":0,"ocean_menu_typo_line_height_tablet":0,"ocean_menu_typo_line_height_mobile":0,"ocean_menu_typo_line_height_unit":"","ocean_menu_typo_spacing":0,"ocean_menu_typo_spacing_tablet":0,"ocean_menu_typo_spacing_mobile":0,"ocean_menu_typo_spacing_unit":"","ocean_menu_link_color":"","ocean_menu_link_color_hover":"","ocean_menu_link_color_active":"","ocean_menu_link_background":"","ocean_menu_link_hover_background":"","ocean_menu_link_active_background":"","ocean_menu_social_links_bg":"","ocean_menu_social_hover_links_bg":"","ocean_menu_social_links_color":"","ocean_menu_social_hover_links_color":"","ocean_disable_title":"default","ocean_disable_heading":"default","ocean_post_title":"","ocean_post_subheading":"","ocean_post_title_style":"","ocean_post_title_background_color":"","ocean_post_title_background":0,"ocean_post_title_bg_image_position":"","ocean_post_title_bg_image_attachment":"","ocean_post_title_bg_image_repeat":"","ocean_post_title_bg_image_size":"","ocean_post_title_height":0,"ocean_post_title_bg_overlay":0.5,"ocean_post_title_bg_overlay_color":"","ocean_disable_breadcrumbs":"default","ocean_breadcrumbs_color":"","ocean_breadcrumbs_separator_color":"","ocean_breadcrumbs_links_color":"","ocean_breadcrumbs_links_hover_color":"","ocean_display_footer_widgets":"default","ocean_display_footer_bottom":"default","ocean_custom_footer_template":"0","_themeisle_gutenberg_block_has_review":false,"footnotes":""},"class_list":["post-52","page","type-page","status-publish","hentry","entry","has-media"],"_links":{"self":[{"href":"https:\/\/agfv-viroflay.fr\/agfv\/wp-json\/wp\/v2\/pages\/52","targetHints":{"allow":["GET"]}}],"collection":[{"href":"https:\/\/agfv-viroflay.fr\/agfv\/wp-json\/wp\/v2\/pages"}],"about":[{"href":"https:\/\/agfv-viroflay.fr\/agfv\/wp-json\/wp\/v2\/types\/page"}],"author":[{"embeddable":true,"href":"https:\/\/agfv-viroflay.fr\/agfv\/wp-json\/wp\/v2\/users\/1"}],"replies":[{"embeddable":true,"href":"https:\/\/agfv-viroflay.fr\/agfv\/wp-json\/wp\/v2\/comments?post=52"}],"version-history":[{"count":180,"href":"https:\/\/agfv-viroflay.fr\/agfv\/wp-json\/wp\/v2\/pages\/52\/revisions"}],"predecessor-version":[{"id":3523,"href":"https:\/\/agfv-viroflay.fr\/agfv\/wp-json\/wp\/v2\/pages\/52\/revisions\/3523"}],"wp:attachment":[{"href":"https:\/\/agfv-viroflay.fr\/agfv\/wp-json\/wp\/v2\/media?parent=52"}],"curies":[{"name":"wp","href":"https:\/\/api.w.org\/{rel}","templated":true}]}}