{"id":1330,"date":"2021-03-09T16:05:26","date_gmt":"2021-03-09T15:05:26","guid":{"rendered":"https:\/\/agfv-viroflay.fr\/agfv\/?page_id=1330"},"modified":"2021-03-10T09:12:54","modified_gmt":"2021-03-10T08:12:54","slug":"demande-de-publication-petite-annonce","status":"publish","type":"page","link":"https:\/\/agfv-viroflay.fr\/agfv\/demande-de-publication-petite-annonce\/","title":{"rendered":"Demande de publication petite annonce"},"content":{"rendered":"\n<section class=\"wp-block-uagb-columns uagb-columns__wrap uagb-columns__background-undefined uagb-columns__stack-mobile uagb-columns__valign-undefined uagb-columns__gap-10 alignundefined uagb-block-51a81358\"><div class=\"uagb-columns__overlay\"><\/div><div class=\"uagb-columns__inner-wrap uagb-columns__columns-2\">\n<div class=\"wp-block-uagb-column uagb-column__wrap uagb-column__background-undefined uagb-block-a682b342\"><div class=\"uagb-column__overlay\"><\/div><div class=\"uagb-column__inner-wrap\">\n<div class=\"wp-block-image\"><figure class=\"alignleft size-large is-resized\"><img decoding=\"async\" src=\"https:\/\/agfv-viroflay.fr\/agfv\/wp-content\/uploads\/2021\/02\/Contactez-nous-1024x582-1.jpg\" alt=\"\" class=\"wp-image-236\" width=\"186\" height=\"105\" srcset=\"https:\/\/agfv-viroflay.fr\/agfv\/wp-content\/uploads\/2021\/02\/Contactez-nous-1024x582-1.jpg 1024w, https:\/\/agfv-viroflay.fr\/agfv\/wp-content\/uploads\/2021\/02\/Contactez-nous-1024x582-1-300x171.jpg 300w, https:\/\/agfv-viroflay.fr\/agfv\/wp-content\/uploads\/2021\/02\/Contactez-nous-1024x582-1-768x437.jpg 768w\" sizes=\"(max-width: 186px) 100vw, 186px\" \/><\/figure><\/div>\n\n\n\n<p><\/p>\n<\/div><\/div>\n\n\n\n<div class=\"wp-block-uagb-column uagb-column__wrap uagb-column__background-undefined uagb-block-c2d4466a\"><div class=\"uagb-column__overlay\"><\/div><div class=\"uagb-column__inner-wrap\">\n<h2>Service r\u00e9serv\u00e9 aux membres de l&rsquo;association<\/h2>\n\n\n\n<p><em>Les annonces sont r\u00e9serv\u00e9es aux adh\u00e9rents \u00e0 jour de leur cotisation.<\/em><br \/><em>L&rsquo;association se r\u00e9serve le droit de ne pas publier les annonces apparues inopportunes et notamment celles, de caract\u00e8re professionel ou autre, qui s&rsquo;\u00e9carteraient de ses missions.<\/em><br \/><em>En outre, l&rsquo;association n&rsquo;engage en aucun cas sa responsabilit\u00e9 civile ou p\u00e9nale en cas de litige entre les personnes concern\u00e9es par les annonces publi\u00e9es gracieusement sur son site.<\/em><\/p>\n<p><img decoding=\"async\" class=\"wp-image-1282 alignleft\" src=\"https:\/\/agfv-viroflay.fr\/agfv\/wp-content\/uploads\/2021\/03\/icone-fleche-et-rond_ftransp.png\" alt=\"\" width=\"23\" height=\"24\" \/><a href=\"https:\/\/agfv-viroflay.fr\/agfv\/petites-annonces\/\"><span style=\"color: #cf2e2e;\"><em>Retour aux petites annonces<\/em><\/span><\/a><\/p>\n\n\n\n<p><\/p>\n<\/div><\/div>\n<\/div><\/section>\n\n\n\n<div class=\"wpcf7 no-js\" id=\"wpcf7-f1314-o1\" lang=\"fr-FR\" dir=\"ltr\" data-wpcf7-id=\"1314\">\n<div class=\"screen-reader-response\"><p role=\"status\" aria-live=\"polite\" aria-atomic=\"true\"><\/p> <ul><\/ul><\/div>\n<form action=\"\/agfv\/wp-json\/wp\/v2\/pages\/1330#wpcf7-f1314-o1\" method=\"post\" class=\"wpcf7-form init\" aria-label=\"Formulaire de contact\" novalidate=\"novalidate\" data-status=\"init\">\n<fieldset class=\"hidden-fields-container\"><input type=\"hidden\" name=\"_wpcf7\" value=\"1314\" \/><input type=\"hidden\" name=\"_wpcf7_version\" value=\"6.1.5\" \/><input type=\"hidden\" name=\"_wpcf7_locale\" value=\"fr_FR\" \/><input type=\"hidden\" name=\"_wpcf7_unit_tag\" value=\"wpcf7-f1314-o1\" \/><input type=\"hidden\" name=\"_wpcf7_container_post\" value=\"0\" \/><input type=\"hidden\" name=\"_wpcf7_posted_data_hash\" value=\"\" \/><input type=\"hidden\" name=\"_wpcf7_recaptcha_response\" value=\"\" \/>\n<\/fieldset>\n<input class=\"wpcf7-form-control wpcf7-hidden\" value=\"Demande de publication\" type=\"hidden\" name=\"Form-name\" \/>\n<p><label> Rublique (*)<br \/>\n<span class=\"wpcf7-form-control-wrap\" data-name=\"Rubrique\"><select class=\"wpcf7-form-control wpcf7-select wpcf7-validates-as-required\" aria-required=\"true\" aria-invalid=\"false\" name=\"Rubrique\"><option value=\"\">&#8212;Veuillez choisir une option&#8212;<\/option><option value=\"Baby-sitters\">Baby-sitters<\/option><option value=\"Gardes d&#039;enfants\">Gardes d&#039;enfants<\/option><option value=\"Emplois et services\">Emplois et services<\/option><option value=\"Cours et le\u00e7ons\">Cours et le\u00e7ons<\/option><option value=\"Immobilier\">Immobilier<\/option><option value=\"Achats, ventes\">Achats, ventes<\/option><\/select><\/span><\/label>\n<\/p>\n<p><label> Nature (*)<br \/>\n<span class=\"wpcf7-form-control-wrap\" data-name=\"Nature\"><select class=\"wpcf7-form-control wpcf7-select wpcf7-validates-as-required\" aria-required=\"true\" aria-invalid=\"false\" name=\"Nature\"><option value=\"\">&#8212;Veuillez choisir une option&#8212;<\/option><option value=\"Offre\">Offre<\/option><option value=\"Demande\">Demande<\/option><option value=\"Achat\">Achat<\/option><option value=\"Vente\">Vente<\/option><\/select><\/span><\/label>\n<\/p>\n<p><span style=\"color:#0662AC;\"><em><br \/>\n<label>Ne pas oublier de pr\u00e9ciser un num\u00e9ro de t\u00e9l\u00e9phone dans le texte de l'annonce (sauf pour les offres de Baby-sitters que l'association se chargera de joindre)<br \/>\n<\/label><\/em><\/span>\n<\/p>\n<p><label> Texte de l'annonce (*)<br \/>\n<span class=\"wpcf7-form-control-wrap\" data-name=\"your-message\"><textarea cols=\"40\" rows=\"10\" maxlength=\"2000\" class=\"wpcf7-form-control wpcf7-textarea wpcf7-validates-as-required\" aria-required=\"true\" aria-invalid=\"false\" name=\"your-message\"><\/textarea><\/span> <\/label>\n<\/p>\n<input class=\"wpcf7-form-control wpcf7-hidden\" value=\"Demande de publication\" type=\"hidden\" name=\"your-subject\" \/>\n<p><span style=\"color:#0662AC;\"><em><br \/>\n<label>Non publi\u00e9es sur le site, les informations confidentielles suivantes sont susceptibles<br \/>\n<\/label><label>d'\u00eatre communiqu\u00e9es aux int\u00e9ress\u00e9s, d\u00fbment identifi\u00e9s, en r\u00e9ponse \u00e0 leurs demandes<br \/>\n<\/label><\/em><\/span>\n<\/p>\n<p><label> Titre (*)<br \/>\n<span class=\"wpcf7-form-control-wrap\" data-name=\"Titre\"><select class=\"wpcf7-form-control wpcf7-select wpcf7-validates-as-required\" aria-required=\"true\" aria-invalid=\"false\" name=\"Titre\"><option value=\"\">&#8212;Veuillez choisir une option&#8212;<\/option><option value=\"M.\">M.<\/option><option value=\"Mme\">Mme<\/option><\/select><\/span><\/label>\n<\/p>\n<p><label> Votre nom (*)<br \/>\n<span class=\"wpcf7-form-control-wrap\" data-name=\"Nom\"><input size=\"40\" maxlength=\"400\" class=\"wpcf7-form-control wpcf7-text wpcf7-validates-as-required\" aria-required=\"true\" aria-invalid=\"false\" value=\"\" type=\"text\" name=\"Nom\" \/><\/span> <\/label>\n<\/p>\n<p><label> Pr\u00e9nom (*)<br \/>\n<span class=\"wpcf7-form-control-wrap\" data-name=\"Prenom\"><input size=\"40\" maxlength=\"400\" class=\"wpcf7-form-control wpcf7-text wpcf7-validates-as-required\" aria-required=\"true\" aria-invalid=\"false\" value=\"\" type=\"text\" name=\"Prenom\" \/><\/span> <\/label>\n<\/p>\n<p><label> T\u00e9l\u00e9phone (*)<br \/>\n<span class=\"wpcf7-form-control-wrap\" data-name=\"Tel\"><input size=\"40\" maxlength=\"400\" class=\"wpcf7-form-control wpcf7-tel wpcf7-validates-as-required wpcf7-text wpcf7-validates-as-tel\" aria-required=\"true\" aria-invalid=\"false\" value=\"\" type=\"tel\" name=\"Tel\" \/><\/span> <\/label>\n<\/p>\n<p><label> Votre adresse de messagerie (*)<br \/>\n<span class=\"wpcf7-form-control-wrap\" data-name=\"your-email\"><input size=\"40\" maxlength=\"400\" class=\"wpcf7-form-control wpcf7-email wpcf7-validates-as-required wpcf7-text wpcf7-validates-as-email\" aria-required=\"true\" aria-invalid=\"false\" value=\"\" type=\"email\" name=\"your-email\" \/><\/span> <\/label>\n<\/p>\n<p><span style=\"color:#CF2E2E;\"><em>(*) Obligatoire<\/em><\/span>\n<\/p>\n<p><input class=\"wpcf7-form-control wpcf7-submit has-spinner\" type=\"submit\" value=\"Envoyer\" \/>\n<\/p><div class=\"wpcf7-response-output\" aria-hidden=\"true\"><\/div>\n<\/form>\n<\/div>\n\n\n\n<p><\/p>\n","protected":false},"excerpt":{"rendered":"","protected":false},"author":1,"featured_media":0,"parent":0,"menu_order":0,"comment_status":"closed","ping_status":"closed","template":"","meta":{"ocean_post_layout":"","ocean_both_sidebars_style":"","ocean_both_sidebars_content_width":0,"ocean_both_sidebars_sidebars_width":0,"ocean_sidebar":"0","ocean_second_sidebar":"0","ocean_disable_margins":"enable","ocean_add_body_class":"","ocean_shortcode_before_top_bar":"","ocean_shortcode_after_top_bar":"","ocean_shortcode_before_header":"","ocean_shortcode_after_header":"","ocean_has_shortcode":"","ocean_shortcode_after_title":"","ocean_shortcode_before_footer_widgets":"","ocean_shortcode_after_footer_widgets":"","ocean_shortcode_before_footer_bottom":"","ocean_shortcode_after_footer_bottom":"","ocean_display_top_bar":"default","ocean_display_header":"default","ocean_header_style":"","ocean_center_header_left_menu":"0","ocean_custom_header_template":"0","ocean_custom_logo":0,"ocean_custom_retina_logo":0,"ocean_custom_logo_max_width":0,"ocean_custom_logo_tablet_max_width":0,"ocean_custom_logo_mobile_max_width":0,"ocean_custom_logo_max_height":0,"ocean_custom_logo_tablet_max_height":0,"ocean_custom_logo_mobile_max_height":0,"ocean_header_custom_menu":"0","ocean_menu_typo_font_family":"0","ocean_menu_typo_font_subset":"","ocean_menu_typo_font_size":0,"ocean_menu_typo_font_size_tablet":0,"ocean_menu_typo_font_size_mobile":0,"ocean_menu_typo_font_size_unit":"px","ocean_menu_typo_font_weight":"","ocean_menu_typo_font_weight_tablet":"","ocean_menu_typo_font_weight_mobile":"","ocean_menu_typo_transform":"","ocean_menu_typo_transform_tablet":"","ocean_menu_typo_transform_mobile":"","ocean_menu_typo_line_height":0,"ocean_menu_typo_line_height_tablet":0,"ocean_menu_typo_line_height_mobile":0,"ocean_menu_typo_line_height_unit":"","ocean_menu_typo_spacing":0,"ocean_menu_typo_spacing_tablet":0,"ocean_menu_typo_spacing_mobile":0,"ocean_menu_typo_spacing_unit":"","ocean_menu_link_color":"","ocean_menu_link_color_hover":"","ocean_menu_link_color_active":"","ocean_menu_link_background":"","ocean_menu_link_hover_background":"","ocean_menu_link_active_background":"","ocean_menu_social_links_bg":"","ocean_menu_social_hover_links_bg":"","ocean_menu_social_links_color":"","ocean_menu_social_hover_links_color":"","ocean_disable_title":"default","ocean_disable_heading":"default","ocean_post_title":"","ocean_post_subheading":"","ocean_post_title_style":"","ocean_post_title_background_color":"","ocean_post_title_background":0,"ocean_post_title_bg_image_position":"","ocean_post_title_bg_image_attachment":"","ocean_post_title_bg_image_repeat":"","ocean_post_title_bg_image_size":"","ocean_post_title_height":0,"ocean_post_title_bg_overlay":0.5,"ocean_post_title_bg_overlay_color":"","ocean_disable_breadcrumbs":"default","ocean_breadcrumbs_color":"","ocean_breadcrumbs_separator_color":"","ocean_breadcrumbs_links_color":"","ocean_breadcrumbs_links_hover_color":"","ocean_display_footer_widgets":"default","ocean_display_footer_bottom":"default","ocean_custom_footer_template":"0","_themeisle_gutenberg_block_has_review":false,"footnotes":""},"class_list":["post-1330","page","type-page","status-publish","hentry","entry"],"_links":{"self":[{"href":"https:\/\/agfv-viroflay.fr\/agfv\/wp-json\/wp\/v2\/pages\/1330","targetHints":{"allow":["GET"]}}],"collection":[{"href":"https:\/\/agfv-viroflay.fr\/agfv\/wp-json\/wp\/v2\/pages"}],"about":[{"href":"https:\/\/agfv-viroflay.fr\/agfv\/wp-json\/wp\/v2\/types\/page"}],"author":[{"embeddable":true,"href":"https:\/\/agfv-viroflay.fr\/agfv\/wp-json\/wp\/v2\/users\/1"}],"replies":[{"embeddable":true,"href":"https:\/\/agfv-viroflay.fr\/agfv\/wp-json\/wp\/v2\/comments?post=1330"}],"version-history":[{"count":18,"href":"https:\/\/agfv-viroflay.fr\/agfv\/wp-json\/wp\/v2\/pages\/1330\/revisions"}],"predecessor-version":[{"id":1437,"href":"https:\/\/agfv-viroflay.fr\/agfv\/wp-json\/wp\/v2\/pages\/1330\/revisions\/1437"}],"wp:attachment":[{"href":"https:\/\/agfv-viroflay.fr\/agfv\/wp-json\/wp\/v2\/media?parent=1330"}],"curies":[{"name":"wp","href":"https:\/\/api.w.org\/{rel}","templated":true}]}}