{"id":122,"date":"2021-02-21T18:23:45","date_gmt":"2021-02-21T17:23:45","guid":{"rendered":"https:\/\/agfv-viroflay.fr\/agfv\/?page_id=122"},"modified":"2021-03-03T12:40:49","modified_gmt":"2021-03-03T11:40:49","slug":"le-bureau","status":"publish","type":"page","link":"https:\/\/agfv-viroflay.fr\/agfv\/le-bureau\/","title":{"rendered":"Le bureau"},"content":{"rendered":"\n<p class=\"eplus-aXwqmZ\"><\/p>\n\n\n<h2 id=\"block-69a3922c-a3e7-44a9-b9d0-7e9fa1a17104\" class=\"eplus-5iOgsP block-editor-block-list__block wp-block is-selected rich-text block-editor-rich-text__editable wp-block\" tabindex=\"0\" role=\"textbox\" aria-label=\"R\u00e9digez un titre\u2026\" aria-multiline=\"true\" data-block=\"69a3922c-a3e7-44a9-b9d0-7e9fa1a17104\" data-type=\"core\/heading\" data-title=\"Titre\">Membres du bureau:<\/h2>\n<ul type=\"disc\">\n<li style=\"list-style-type: none;\">\n<ul style=\"list-style-type: square;\" type=\"circle\">\n<li><span style=\"font-size: 10pt;\">Pr\u00e9sident : <strong>Eric Fortuit<\/strong><\/span><\/li>\n<li><span style=\"font-size: 10pt;\">Vice pr\u00e9sidente\u00a0: <strong>Catherine Le Reveill\u00e9<br \/><\/strong><\/span><\/li>\n<li><span style=\"font-size: 10pt;\">Tr\u00e9sorier : <strong>Luc Franquet<br \/><\/strong><\/span><\/li>\n<li><span style=\"font-size: 10pt;\">Secr\u00e9taire\u00a0: <strong>Isabelle Furon<\/strong><\/span><\/li>\n<\/ul>\n<\/li>\n<\/ul>\n\n\n<p class=\"eplus-rxPj8W\"><\/p>\n\n\n\n<p class=\"eplus-rxPj8W\"><\/p>\n\n\n\n<p><\/p>\n\n\n\n<p><\/p>\n","protected":false},"excerpt":{"rendered":"<p>Membres du bureau: Pr\u00e9sident : Eric Fortuit Vice pr\u00e9sidente\u00a0: Catherine Le Reveill\u00e9 Tr\u00e9sorier : Luc Franquet Secr\u00e9taire\u00a0: Isabelle Furon<\/p>\n","protected":false},"author":1,"featured_media":0,"parent":0,"menu_order":0,"comment_status":"closed","ping_status":"closed","template":"","meta":{"ocean_post_layout":"","ocean_both_sidebars_style":"","ocean_both_sidebars_content_width":0,"ocean_both_sidebars_sidebars_width":0,"ocean_sidebar":"0","ocean_second_sidebar":"0","ocean_disable_margins":"enable","ocean_add_body_class":"","ocean_shortcode_before_top_bar":"","ocean_shortcode_after_top_bar":"","ocean_shortcode_before_header":"","ocean_shortcode_after_header":"","ocean_has_shortcode":"","ocean_shortcode_after_title":"","ocean_shortcode_before_footer_widgets":"","ocean_shortcode_after_footer_widgets":"","ocean_shortcode_before_footer_bottom":"","ocean_shortcode_after_footer_bottom":"","ocean_display_top_bar":"default","ocean_display_header":"default","ocean_header_style":"","ocean_center_header_left_menu":"0","ocean_custom_header_template":"0","ocean_custom_logo":0,"ocean_custom_retina_logo":0,"ocean_custom_logo_max_width":0,"ocean_custom_logo_tablet_max_width":0,"ocean_custom_logo_mobile_max_width":0,"ocean_custom_logo_max_height":0,"ocean_custom_logo_tablet_max_height":0,"ocean_custom_logo_mobile_max_height":0,"ocean_header_custom_menu":"0","ocean_menu_typo_font_family":"0","ocean_menu_typo_font_subset":"","ocean_menu_typo_font_size":0,"ocean_menu_typo_font_size_tablet":0,"ocean_menu_typo_font_size_mobile":0,"ocean_menu_typo_font_size_unit":"px","ocean_menu_typo_font_weight":"","ocean_menu_typo_font_weight_tablet":"","ocean_menu_typo_font_weight_mobile":"","ocean_menu_typo_transform":"","ocean_menu_typo_transform_tablet":"","ocean_menu_typo_transform_mobile":"","ocean_menu_typo_line_height":0,"ocean_menu_typo_line_height_tablet":0,"ocean_menu_typo_line_height_mobile":0,"ocean_menu_typo_line_height_unit":"","ocean_menu_typo_spacing":0,"ocean_menu_typo_spacing_tablet":0,"ocean_menu_typo_spacing_mobile":0,"ocean_menu_typo_spacing_unit":"","ocean_menu_link_color":"","ocean_menu_link_color_hover":"","ocean_menu_link_color_active":"","ocean_menu_link_background":"","ocean_menu_link_hover_background":"","ocean_menu_link_active_background":"","ocean_menu_social_links_bg":"","ocean_menu_social_hover_links_bg":"","ocean_menu_social_links_color":"","ocean_menu_social_hover_links_color":"","ocean_disable_title":"default","ocean_disable_heading":"default","ocean_post_title":"","ocean_post_subheading":"","ocean_post_title_style":"","ocean_post_title_background_color":"","ocean_post_title_background":0,"ocean_post_title_bg_image_position":"","ocean_post_title_bg_image_attachment":"","ocean_post_title_bg_image_repeat":"","ocean_post_title_bg_image_size":"","ocean_post_title_height":0,"ocean_post_title_bg_overlay":0.5,"ocean_post_title_bg_overlay_color":"","ocean_disable_breadcrumbs":"default","ocean_breadcrumbs_color":"","ocean_breadcrumbs_separator_color":"","ocean_breadcrumbs_links_color":"","ocean_breadcrumbs_links_hover_color":"","ocean_display_footer_widgets":"default","ocean_display_footer_bottom":"default","ocean_custom_footer_template":"0","_themeisle_gutenberg_block_has_review":false,"footnotes":""},"class_list":["post-122","page","type-page","status-publish","hentry","entry"],"_links":{"self":[{"href":"https:\/\/agfv-viroflay.fr\/agfv\/wp-json\/wp\/v2\/pages\/122","targetHints":{"allow":["GET"]}}],"collection":[{"href":"https:\/\/agfv-viroflay.fr\/agfv\/wp-json\/wp\/v2\/pages"}],"about":[{"href":"https:\/\/agfv-viroflay.fr\/agfv\/wp-json\/wp\/v2\/types\/page"}],"author":[{"embeddable":true,"href":"https:\/\/agfv-viroflay.fr\/agfv\/wp-json\/wp\/v2\/users\/1"}],"replies":[{"embeddable":true,"href":"https:\/\/agfv-viroflay.fr\/agfv\/wp-json\/wp\/v2\/comments?post=122"}],"version-history":[{"count":4,"href":"https:\/\/agfv-viroflay.fr\/agfv\/wp-json\/wp\/v2\/pages\/122\/revisions"}],"predecessor-version":[{"id":1210,"href":"https:\/\/agfv-viroflay.fr\/agfv\/wp-json\/wp\/v2\/pages\/122\/revisions\/1210"}],"wp:attachment":[{"href":"https:\/\/agfv-viroflay.fr\/agfv\/wp-json\/wp\/v2\/media?parent=122"}],"curies":[{"name":"wp","href":"https:\/\/api.w.org\/{rel}","templated":true}]}}